{"id":1876,"date":"2024-06-05T00:22:03","date_gmt":"2024-06-05T03:22:03","guid":{"rendered":"https:\/\/inovatecdf.com.br\/?page_id=1876"},"modified":"2026-03-25T21:26:03","modified_gmt":"2026-03-26T00:26:03","slug":"politica-de-reembolso","status":"publish","type":"page","link":"https:\/\/inovatecdf.com.br\/index.php\/politica-de-reembolso\/","title":{"rendered":"Politica de Reembolso"},"content":{"rendered":"\t\t<div data-elementor-type=\"wp-page\" data-elementor-id=\"1876\" class=\"elementor elementor-1876\" data-elementor-post-type=\"page\">\n\t\t\t\t<div data-particle_enable=\"false\" data-particle-mobile-disabled=\"false\" class=\"elementor-element elementor-element-2596375 e-flex e-con-boxed e-con e-parent\" data-id=\"2596375\" data-element_type=\"container\" data-settings=\"{&quot;background_background&quot;:&quot;classic&quot;}\" data-core-v316-plus=\"true\">\n\t\t\t\t\t<div class=\"e-con-inner\">\n\t\t<div data-particle_enable=\"false\" data-particle-mobile-disabled=\"false\" class=\"elementor-element elementor-element-9bbe8bb e-flex e-con-boxed e-con e-child\" data-id=\"9bbe8bb\" data-element_type=\"container\">\n\t\t\t\t\t<div class=\"e-con-inner\">\n\t\t\t\t<div class=\"elementor-element elementor-element-88b5ca6 elementor-widget elementor-widget-heading\" data-id=\"88b5ca6\" data-element_type=\"widget\" data-widget_type=\"heading.default\">\n\t\t\t\t<div class=\"elementor-widget-container\">\n\t\t\t<style>\/*! elementor - v3.20.0 - 11-03-2024 *\/\n.elementor-heading-title{padding:0;margin:0;line-height:1}.elementor-widget-heading .elementor-heading-title[class*=elementor-size-]>a{color:inherit;font-size:inherit;line-height:inherit}.elementor-widget-heading .elementor-heading-title.elementor-size-small{font-size:15px}.elementor-widget-heading .elementor-heading-title.elementor-size-medium{font-size:19px}.elementor-widget-heading .elementor-heading-title.elementor-size-large{font-size:29px}.elementor-widget-heading .elementor-heading-title.elementor-size-xl{font-size:39px}.elementor-widget-heading .elementor-heading-title.elementor-size-xxl{font-size:59px}<\/style><h2 class=\"elementor-heading-title elementor-size-default\">Pol\u00edtica de Reembolso<\/h2>\t\t<\/div>\n\t\t\t\t<\/div>\n\t\t\t\t\t<\/div>\n\t\t\t\t<\/div>\n\t\t\t\t\t<\/div>\n\t\t\t\t<\/div>\n\t\t<div data-particle_enable=\"false\" data-particle-mobile-disabled=\"false\" class=\"elementor-element elementor-element-2c270f3 e-flex e-con-boxed e-con e-parent\" data-id=\"2c270f3\" data-element_type=\"container\" data-core-v316-plus=\"true\">\n\t\t\t\t\t<div class=\"e-con-inner\">\n\t\t\t\t<div class=\"elementor-element elementor-element-7b0b50f elementor-widget elementor-widget-n-accordion\" data-id=\"7b0b50f\" data-element_type=\"widget\" data-settings=\"{&quot;default_state&quot;:&quot;expanded&quot;,&quot;max_items_expended&quot;:&quot;one&quot;,&quot;n_accordion_animation_duration&quot;:{&quot;unit&quot;:&quot;ms&quot;,&quot;size&quot;:400,&quot;sizes&quot;:[]}}\" data-widget_type=\"nested-accordion.default\">\n\t\t\t\t<div class=\"elementor-widget-container\">\n\t\t\t\t\t<div class=\"e-n-accordion\" aria-label=\"Accordion. Open links with Enter or Space, close with Escape, and navigate with Arrow Keys\">\n\t\t\t\t\t\t<details id=\"e-n-accordion-item-1290\" class=\"e-n-accordion-item\" open>\n\t\t\t\t<summary class=\"e-n-accordion-item-title\" data-accordion-index=\"1\" tabindex=\"0\" aria-expanded=\"true\" aria-controls=\"e-n-accordion-item-1290\" >\n\t\t\t\t\t<span class='e-n-accordion-item-title-header'><div class=\"e-n-accordion-item-title-text\"> Quais condi\u00e7\u00f5es para solicitar o reembolso? <\/div><\/span>\n\t\t\t\t\t\t\t<span class='e-n-accordion-item-title-icon'>\n\t\t\t<span class='e-opened' ><svg aria-hidden=\"true\" class=\"e-font-icon-svg e-fas-minus\" viewBox=\"0 0 448 512\" xmlns=\"http:\/\/www.w3.org\/2000\/svg\"><path d=\"M416 208H32c-17.67 0-32 14.33-32 32v32c0 17.67 14.33 32 32 32h384c17.67 0 32-14.33 32-32v-32c0-17.67-14.33-32-32-32z\"><\/path><\/svg><\/span>\n\t\t\t<span class='e-closed'><svg aria-hidden=\"true\" class=\"e-font-icon-svg e-fas-plus\" viewBox=\"0 0 448 512\" xmlns=\"http:\/\/www.w3.org\/2000\/svg\"><path d=\"M416 208H272V64c0-17.67-14.33-32-32-32h-32c-17.67 0-32 14.33-32 32v144H32c-17.67 0-32 14.33-32 32v32c0 17.67 14.33 32 32 32h144v144c0 17.67 14.33 32 32 32h32c17.67 0 32-14.33 32-32V304h144c17.67 0 32-14.33 32-32v-32c0-17.67-14.33-32-32-32z\"><\/path><\/svg><\/span>\n\t\t<\/span>\n\n\t\t\t\t\t\t<\/summary>\n\t\t\t\t<div data-particle_enable=\"false\" data-particle-mobile-disabled=\"false\" role=\"region\" aria-labelledby=\"e-n-accordion-item-1290\" class=\"elementor-element elementor-element-3f84a93 e-con-full e-flex e-con e-child\" data-id=\"3f84a93\" data-element_type=\"container\">\n\t\t\t\t<div class=\"elementor-element elementor-element-595d899 elementor-widget elementor-widget-text-editor\" data-id=\"595d899\" data-element_type=\"widget\" data-widget_type=\"text-editor.default\">\n\t\t\t\t<div class=\"elementor-widget-container\">\n\t\t\t<style>\/*! elementor - v3.20.0 - 11-03-2024 *\/\n.elementor-widget-text-editor.elementor-drop-cap-view-stacked .elementor-drop-cap{background-color:#69727d;color:#fff}.elementor-widget-text-editor.elementor-drop-cap-view-framed .elementor-drop-cap{color:#69727d;border:3px solid;background-color:transparent}.elementor-widget-text-editor:not(.elementor-drop-cap-view-default) .elementor-drop-cap{margin-top:8px}.elementor-widget-text-editor:not(.elementor-drop-cap-view-default) .elementor-drop-cap-letter{width:1em;height:1em}.elementor-widget-text-editor .elementor-drop-cap{float:left;text-align:center;line-height:1;font-size:50px}.elementor-widget-text-editor .elementor-drop-cap-letter{display:inline-block}<\/style>\t\t\t\t<ol><li><strong> Direito de arrependimento (Art. 49 do C\u00f3digo de Defesa do Consumidor)<\/strong><\/li><\/ol><p><span style=\"font-weight: 400;\">O participante poder\u00e1 solicitar reembolso integral (100%) no prazo de at\u00e9 7 dias corridos ap\u00f3s a compra online, desde que a solicita\u00e7\u00e3o ocorra antes do in\u00edcio do evento.<\/span><\/p><ol start=\"2\"><li><strong> Cancelamento ap\u00f3s 7 dias da compra<\/strong><\/li><\/ol><ul><li style=\"font-weight: 400;\" aria-level=\"1\"><span style=\"font-weight: 400;\">At\u00e9 30 dias antes do minicurso: reembolso de 80% do valor pago.<\/span><\/li><li style=\"font-weight: 400;\" aria-level=\"1\"><span style=\"font-weight: 400;\">De 29 a 7 dias antes do minicurso: reembolso de 50%.<\/span><\/li><li style=\"font-weight: 400;\" aria-level=\"1\"><span style=\"font-weight: 400;\">Menos de 7 dias antes do in\u00edcio: n\u00e3o haver\u00e1 reembolso.<\/span><\/li><\/ul><p>\u00a0<\/p><ol start=\"3\"><li><strong> N\u00e3o s\u00e3o reembols\u00e1veis valores de inscri\u00e7\u00f5es pagas nas seguintes condi\u00e7\u00f5es:<\/strong><\/li><\/ol><ul><li style=\"font-weight: 400;\" aria-level=\"1\"><span style=\"font-weight: 400;\">A aus\u00eancia no evento n\u00e3o gera direito a reembolso.<\/span><\/li><li style=\"font-weight: 400;\" aria-level=\"1\"><span style=\"font-weight: 400;\">Dificuldade ou impossibilidade de comparecimento ao evento (presencial ou virtual) por erros no preenchimento das informa\u00e7\u00f5es cadastrais.<\/span><\/li><li style=\"font-weight: 400;\" aria-level=\"1\"><span style=\"font-weight: 400;\">Para substitui\u00e7\u00e3o de cortesia ou desconto recebido ap\u00f3s quita\u00e7\u00e3o da inscri\u00e7\u00e3o.<\/span><\/li><\/ul><p>\u00a0<\/p><ol start=\"4\"><li><strong> Transfer\u00eancia de titularidade<\/strong><\/li><\/ol><p><span style=\"font-weight: 400;\">Ser\u00e1 permitida a substitui\u00e7\u00e3o do participante at\u00e9 48 horas antes do in\u00edcio do evento, atrav\u00e9s da \u00e1rea do participante no Doity ou mediante solicita\u00e7\u00e3o formal por e-mail (<\/span><a href=\"mailto:inovatec@peoplesciencebr.com\"><span style=\"font-weight: 400;\">inovatec@peoplesciencebr.com<\/span><\/a><span style=\"font-weight: 400;\">).<\/span><\/p>\t\t\t\t\t\t<\/div>\n\t\t\t\t<\/div>\n\t\t\t\t<\/div>\n\t\t\t\t\t<\/details>\n\t\t\t\t\t\t<details id=\"e-n-accordion-item-1291\" class=\"e-n-accordion-item\" >\n\t\t\t\t<summary class=\"e-n-accordion-item-title\" data-accordion-index=\"2\" tabindex=\"-1\" aria-expanded=\"false\" aria-controls=\"e-n-accordion-item-1291\" >\n\t\t\t\t\t<span class='e-n-accordion-item-title-header'><div class=\"e-n-accordion-item-title-text\"> Como eu fa\u00e7o o reembolso? <\/div><\/span>\n\t\t\t\t\t\t\t<span class='e-n-accordion-item-title-icon'>\n\t\t\t<span class='e-opened' ><svg aria-hidden=\"true\" class=\"e-font-icon-svg e-fas-minus\" viewBox=\"0 0 448 512\" xmlns=\"http:\/\/www.w3.org\/2000\/svg\"><path d=\"M416 208H32c-17.67 0-32 14.33-32 32v32c0 17.67 14.33 32 32 32h384c17.67 0 32-14.33 32-32v-32c0-17.67-14.33-32-32-32z\"><\/path><\/svg><\/span>\n\t\t\t<span class='e-closed'><svg aria-hidden=\"true\" class=\"e-font-icon-svg e-fas-plus\" viewBox=\"0 0 448 512\" xmlns=\"http:\/\/www.w3.org\/2000\/svg\"><path d=\"M416 208H272V64c0-17.67-14.33-32-32-32h-32c-17.67 0-32 14.33-32 32v144H32c-17.67 0-32 14.33-32 32v32c0 17.67 14.33 32 32 32h144v144c0 17.67 14.33 32 32 32h32c17.67 0 32-14.33 32-32V304h144c17.67 0 32-14.33 32-32v-32c0-17.67-14.33-32-32-32z\"><\/path><\/svg><\/span>\n\t\t<\/span>\n\n\t\t\t\t\t\t<\/summary>\n\t\t\t\t<div data-particle_enable=\"false\" data-particle-mobile-disabled=\"false\" role=\"region\" aria-labelledby=\"e-n-accordion-item-1291\" class=\"elementor-element elementor-element-4ae598d e-con-full e-flex e-con e-child\" data-id=\"4ae598d\" data-element_type=\"container\">\n\t\t\t\t<div class=\"elementor-element elementor-element-545bc20 elementor-widget elementor-widget-text-editor\" data-id=\"545bc20\" data-element_type=\"widget\" data-widget_type=\"text-editor.default\">\n\t\t\t\t<div class=\"elementor-widget-container\">\n\t\t\t\t\t\t\t<p>\u00a0<\/p><p><span style=\"font-weight: 400;\">Formalizar solicita\u00e7\u00e3o de reembolso atrav\u00e9s do e-mail <\/span><a href=\"mailto:inovatec@peoplesciencebr.com\"><span style=\"font-weight: 400;\">inovatec@peoplesciencebr.com<\/span><\/a><span style=\"font-weight: 400;\">\u00a0 informando:<\/span><\/p><ul><li style=\"font-weight: 400;\" aria-level=\"1\"><span style=\"font-weight: 400;\">Nome completo do inscrito<\/span><\/li><li style=\"font-weight: 400;\" aria-level=\"1\"><span style=\"font-weight: 400;\">CPF<\/span><\/li><li style=\"font-weight: 400;\" aria-level=\"1\"><span style=\"font-weight: 400;\">Nome do minicurso<\/span><\/li><\/ul><p>\u00a0<\/p><p><span style=\"font-weight: 400;\">Os reembolsos ser\u00e3o realizados sem juros e sem corre\u00e7\u00e3o monet\u00e1ria no prazo de at\u00e9 30 dias ap\u00f3s data de solicita\u00e7\u00e3o.<\/span><\/p><p>\u00a0<\/p><p>\u00a0<\/p>\t\t\t\t\t\t<\/div>\n\t\t\t\t<\/div>\n\t\t\t\t<\/div>\n\t\t\t\t\t<\/details>\n\t\t\t\t\t<\/div>\n\t\t\t\t<\/div>\n\t\t\t\t<\/div>\n\t\t\t\t\t<\/div>\n\t\t\t\t<\/div>\n\t\t\t\t<\/div>\n\t\t","protected":false},"excerpt":{"rendered":"<p>Pol\u00edtica de Reembolso Quais condi\u00e7\u00f5es para solicitar o reembolso? Direito de arrependimento (Art. 49 do C\u00f3digo de Defesa do Consumidor) O participante poder\u00e1 solicitar reembolso integral (100%) no prazo de at\u00e9 7 dias corridos ap\u00f3s a compra online, desde que a solicita\u00e7\u00e3o ocorra antes do in\u00edcio do evento. Cancelamento ap\u00f3s 7 dias da compra At\u00e9 [&hellip;]<\/p>\n","protected":false},"author":1,"featured_media":0,"parent":0,"menu_order":0,"comment_status":"closed","ping_status":"closed","template":"elementor_canvas","meta":{"footnotes":""},"class_list":["post-1876","page","type-page","status-publish","hentry"],"_links":{"self":[{"href":"https:\/\/inovatecdf.com.br\/index.php\/wp-json\/wp\/v2\/pages\/1876","targetHints":{"allow":["GET"]}}],"collection":[{"href":"https:\/\/inovatecdf.com.br\/index.php\/wp-json\/wp\/v2\/pages"}],"about":[{"href":"https:\/\/inovatecdf.com.br\/index.php\/wp-json\/wp\/v2\/types\/page"}],"author":[{"embeddable":true,"href":"https:\/\/inovatecdf.com.br\/index.php\/wp-json\/wp\/v2\/users\/1"}],"replies":[{"embeddable":true,"href":"https:\/\/inovatecdf.com.br\/index.php\/wp-json\/wp\/v2\/comments?post=1876"}],"version-history":[{"count":7,"href":"https:\/\/inovatecdf.com.br\/index.php\/wp-json\/wp\/v2\/pages\/1876\/revisions"}],"predecessor-version":[{"id":3572,"href":"https:\/\/inovatecdf.com.br\/index.php\/wp-json\/wp\/v2\/pages\/1876\/revisions\/3572"}],"wp:attachment":[{"href":"https:\/\/inovatecdf.com.br\/index.php\/wp-json\/wp\/v2\/media?parent=1876"}],"curies":[{"name":"wp","href":"https:\/\/api.w.org\/{rel}","templated":true}]}}