{"id":3171,"date":"2025-09-04T01:19:04","date_gmt":"2025-09-04T04:19:04","guid":{"rendered":"https:\/\/inovatecdf.com.br\/?page_id=3171"},"modified":"2025-09-04T01:22:34","modified_gmt":"2025-09-04T04:22:34","slug":"ii-simposio-brasileiro-de-hotelaria-e-facilities-2","status":"publish","type":"page","link":"https:\/\/inovatecdf.com.br\/index.php\/ii-simposio-brasileiro-de-hotelaria-e-facilities-2\/","title":{"rendered":"II Simp\u00f3sio Brasileiro de Hotelaria e Facilities"},"content":{"rendered":"\t\t<div data-elementor-type=\"wp-page\" data-elementor-id=\"3171\" class=\"elementor elementor-3171\" data-elementor-post-type=\"page\">\n\t\t\t\t<div data-particle_enable=\"false\" data-particle-mobile-disabled=\"false\" class=\"elementor-element elementor-element-17052b7 e-flex e-con-boxed e-con e-parent\" data-id=\"17052b7\" data-element_type=\"container\" data-settings=\"{&quot;background_background&quot;:&quot;classic&quot;}\" data-core-v316-plus=\"true\">\n\t\t\t\t\t<div class=\"e-con-inner\">\n\t\t<div data-particle_enable=\"false\" data-particle-mobile-disabled=\"false\" class=\"elementor-element elementor-element-dc6caa7 e-flex e-con-boxed e-con e-child\" data-id=\"dc6caa7\" data-element_type=\"container\">\n\t\t\t\t\t<div class=\"e-con-inner\">\n\t\t\t\t<div class=\"elementor-element elementor-element-2d4b73c elementor-icon-list--layout-inline elementor-align-center elementor-list-item-link-full_width elementor-widget elementor-widget-icon-list\" data-id=\"2d4b73c\" data-element_type=\"widget\" data-widget_type=\"icon-list.default\">\n\t\t\t\t<div class=\"elementor-widget-container\">\n\t\t\t<link rel=\"stylesheet\" href=\"https:\/\/inovatecdf.com.br\/wp-content\/uploads\/elementor\/css\/custom-widget-icon-list.min.css?ver=1728969711\">\t\t<ul class=\"elementor-icon-list-items elementor-inline-items\">\n\t\t\t\t\t\t\t<li class=\"elementor-icon-list-item elementor-inline-item\">\n\t\t\t\t\t\t\t\t\t\t\t<a href=\"https:\/\/inovatecdf.com.br\">\n\n\t\t\t\t\t\t\t\t\t\t\t<span class=\"elementor-icon-list-text\">Home<\/span>\n\t\t\t\t\t\t\t\t\t\t\t<\/a>\n\t\t\t\t\t\t\t\t\t<\/li>\n\t\t\t\t\t\t\t\t<li class=\"elementor-icon-list-item elementor-inline-item\">\n\t\t\t\t\t\t\t\t\t\t\t<span class=\"elementor-icon-list-icon\">\n\t\t\t\t\t\t\t<svg aria-hidden=\"true\" class=\"e-font-icon-svg e-fas-chevron-right\" viewBox=\"0 0 320 512\" xmlns=\"http:\/\/www.w3.org\/2000\/svg\"><path d=\"M285.476 272.971L91.132 467.314c-9.373 9.373-24.569 9.373-33.941 0l-22.667-22.667c-9.357-9.357-9.375-24.522-.04-33.901L188.505 256 34.484 101.255c-9.335-9.379-9.317-24.544.04-33.901l22.667-22.667c9.373-9.373 24.569-9.373 33.941 0L285.475 239.03c9.373 9.372 9.373 24.568.001 33.941z\"><\/path><\/svg>\t\t\t\t\t\t<\/span>\n\t\t\t\t\t\t\t\t\t\t<span class=\"elementor-icon-list-text\">II Simp\u00f3sio Brasileiro de Hotelaria e Facilities<\/span>\n\t\t\t\t\t\t\t\t\t<\/li>\n\t\t\t\t\t\t<\/ul>\n\t\t\t\t<\/div>\n\t\t\t\t<\/div>\n\t\t\t\t<div class=\"elementor-element elementor-element-308fd18 elementor-widget elementor-widget-heading\" data-id=\"308fd18\" data-element_type=\"widget\" data-widget_type=\"heading.default\">\n\t\t\t\t<div class=\"elementor-widget-container\">\n\t\t\t<style>\/*! elementor - v3.20.0 - 11-03-2024 *\/\n.elementor-heading-title{padding:0;margin:0;line-height:1}.elementor-widget-heading .elementor-heading-title[class*=elementor-size-]>a{color:inherit;font-size:inherit;line-height:inherit}.elementor-widget-heading .elementor-heading-title.elementor-size-small{font-size:15px}.elementor-widget-heading .elementor-heading-title.elementor-size-medium{font-size:19px}.elementor-widget-heading .elementor-heading-title.elementor-size-large{font-size:29px}.elementor-widget-heading .elementor-heading-title.elementor-size-xl{font-size:39px}.elementor-widget-heading .elementor-heading-title.elementor-size-xxl{font-size:59px}<\/style><h2 class=\"elementor-heading-title elementor-size-default\">II Simp\u00f3sio Brasileiro de Hotelaria e Facilities<\/h2>\t\t<\/div>\n\t\t\t\t<\/div>\n\t\t\t\t\t<\/div>\n\t\t\t\t<\/div>\n\t\t\t\t\t<\/div>\n\t\t\t\t<\/div>\n\t\t<div data-particle_enable=\"false\" data-particle-mobile-disabled=\"false\" class=\"elementor-element elementor-element-efa6cd7 e-flex e-con-boxed e-con e-parent\" data-id=\"efa6cd7\" data-element_type=\"container\" data-settings=\"{&quot;background_background&quot;:&quot;gradient&quot;}\" data-core-v316-plus=\"true\">\n\t\t\t\t\t<div class=\"e-con-inner\">\n\t\t<div data-particle_enable=\"false\" data-particle-mobile-disabled=\"false\" class=\"elementor-element elementor-element-bfc5a49 e-flex e-con-boxed e-con e-child\" data-id=\"bfc5a49\" data-element_type=\"container\" data-settings=\"{&quot;background_background&quot;:&quot;classic&quot;}\">\n\t\t\t\t\t<div class=\"e-con-inner\">\n\t\t\t\t<div class=\"elementor-element elementor-element-8e272c9 elementor-widget elementor-widget-heading\" data-id=\"8e272c9\" data-element_type=\"widget\" data-widget_type=\"heading.default\">\n\t\t\t\t<div class=\"elementor-widget-container\">\n\t\t\t<h2 class=\"elementor-heading-title elementor-size-default\">A Sociedade Brasileira de Hotelaria Hospitalar do DF (SBHH-DF)<\/h2>\t\t<\/div>\n\t\t\t\t<\/div>\n\t\t\t\t<div class=\"elementor-element elementor-element-84feb77 elementor-widget elementor-widget-text-editor\" data-id=\"84feb77\" data-element_type=\"widget\" data-widget_type=\"text-editor.default\">\n\t\t\t\t<div class=\"elementor-widget-container\">\n\t\t\t<style>\/*! elementor - v3.20.0 - 11-03-2024 *\/\n.elementor-widget-text-editor.elementor-drop-cap-view-stacked .elementor-drop-cap{background-color:#69727d;color:#fff}.elementor-widget-text-editor.elementor-drop-cap-view-framed .elementor-drop-cap{color:#69727d;border:3px solid;background-color:transparent}.elementor-widget-text-editor:not(.elementor-drop-cap-view-default) .elementor-drop-cap{margin-top:8px}.elementor-widget-text-editor:not(.elementor-drop-cap-view-default) .elementor-drop-cap-letter{width:1em;height:1em}.elementor-widget-text-editor .elementor-drop-cap{float:left;text-align:center;line-height:1;font-size:50px}.elementor-widget-text-editor .elementor-drop-cap-letter{display:inline-block}<\/style>\t\t\t\t<p><strong>Tem a honra de promover o II Simp\u00f3sio Brasileiro de Hotelaria e Facilities durante o VI INOVATEC. <\/strong><\/p>\n<p><span style=\"font-weight: 400;\">O objetivo desse evento \u00e9 proporcionar network, troca de experi\u00eancias e discutir sobre assuntos atuais como as inova\u00e7\u00f5es do servi\u00e7o da Hotelaria Hospitalar, bem como aperfei\u00e7oar os processos e capacitar os profissionais envolvidos na \u00e1rea. Presen\u00e7a confirmada do ilustre Mestre Sr. Marcelo Boeger Presidente da Sociedade Latino Americano de Hotelaria Hospitalar, dentre outros convidados especiais.<\/span><\/p>\t\t\t\t\t\t<\/div>\n\t\t\t\t<\/div>\n\t\t<div data-particle_enable=\"false\" data-particle-mobile-disabled=\"false\" class=\"elementor-element elementor-element-5acbe7a e-flex e-con-boxed e-con e-child\" data-id=\"5acbe7a\" data-element_type=\"container\">\n\t\t\t\t\t<div class=\"e-con-inner\">\n\t\t<div data-particle_enable=\"false\" data-particle-mobile-disabled=\"false\" class=\"elementor-element elementor-element-2dbd8d1 e-flex e-con-boxed e-con e-child\" data-id=\"2dbd8d1\" data-element_type=\"container\" data-settings=\"{&quot;background_background&quot;:&quot;classic&quot;}\">\n\t\t\t\t\t<div class=\"e-con-inner\">\n\t\t\t\t<div class=\"elementor-element elementor-element-324e5a4 elementor-widget elementor-widget-heading\" data-id=\"324e5a4\" data-element_type=\"widget\" data-widget_type=\"heading.default\">\n\t\t\t\t<div class=\"elementor-widget-container\">\n\t\t\t<h2 class=\"elementor-heading-title elementor-size-default\">Data<\/h2>\t\t<\/div>\n\t\t\t\t<\/div>\n\t\t\t\t<div class=\"elementor-element elementor-element-2371cd6 elementor-widget elementor-widget-heading\" data-id=\"2371cd6\" data-element_type=\"widget\" data-widget_type=\"heading.default\">\n\t\t\t\t<div class=\"elementor-widget-container\">\n\t\t\t<h2 class=\"elementor-heading-title elementor-size-default\">21\/11\/2025<\/h2>\t\t<\/div>\n\t\t\t\t<\/div>\n\t\t\t\t\t<\/div>\n\t\t\t\t<\/div>\n\t\t<div data-particle_enable=\"false\" data-particle-mobile-disabled=\"false\" class=\"elementor-element elementor-element-e303522 e-flex e-con-boxed e-con e-child\" data-id=\"e303522\" data-element_type=\"container\" data-settings=\"{&quot;background_background&quot;:&quot;classic&quot;}\">\n\t\t\t\t\t<div class=\"e-con-inner\">\n\t\t\t\t<div class=\"elementor-element elementor-element-5f165ab elementor-widget elementor-widget-heading\" data-id=\"5f165ab\" data-element_type=\"widget\" data-widget_type=\"heading.default\">\n\t\t\t\t<div class=\"elementor-widget-container\">\n\t\t\t<h2 class=\"elementor-heading-title elementor-size-default\">Hor\u00e1rio<\/h2>\t\t<\/div>\n\t\t\t\t<\/div>\n\t\t\t\t<div class=\"elementor-element elementor-element-b580121 elementor-widget elementor-widget-heading\" data-id=\"b580121\" data-element_type=\"widget\" data-widget_type=\"heading.default\">\n\t\t\t\t<div class=\"elementor-widget-container\">\n\t\t\t<h2 class=\"elementor-heading-title elementor-size-default\">14:00 \u2013 18:00 h<\/h2>\t\t<\/div>\n\t\t\t\t<\/div>\n\t\t\t\t\t<\/div>\n\t\t\t\t<\/div>\n\t\t<div data-particle_enable=\"false\" data-particle-mobile-disabled=\"false\" class=\"elementor-element elementor-element-ed254b5 e-flex e-con-boxed e-con e-child\" data-id=\"ed254b5\" data-element_type=\"container\" data-settings=\"{&quot;background_background&quot;:&quot;classic&quot;}\">\n\t\t\t\t\t<div class=\"e-con-inner\">\n\t\t\t\t<div class=\"elementor-element elementor-element-e800fd4 elementor-widget elementor-widget-heading\" data-id=\"e800fd4\" data-element_type=\"widget\" data-widget_type=\"heading.default\">\n\t\t\t\t<div class=\"elementor-widget-container\">\n\t\t\t<h2 class=\"elementor-heading-title elementor-size-default\">Localiza\u00e7\u00e3o<\/h2>\t\t<\/div>\n\t\t\t\t<\/div>\n\t\t\t\t<div class=\"elementor-element elementor-element-10090c2 elementor-widget elementor-widget-heading\" data-id=\"10090c2\" data-element_type=\"widget\" data-widget_type=\"heading.default\">\n\t\t\t\t<div class=\"elementor-widget-container\">\n\t\t\t<h2 class=\"elementor-heading-title elementor-size-default\"> Palco Inovatec (Audit\u00f3rio Planalto), Centro de Conven\u00e7\u00f5es Ulysses Guimar\u00e3es, Bras\u00edlia-DF.\n<\/h2>\t\t<\/div>\n\t\t\t\t<\/div>\n\t\t\t\t\t<\/div>\n\t\t\t\t<\/div>\n\t\t\t\t\t<\/div>\n\t\t\t\t<\/div>\n\t\t<div data-particle_enable=\"false\" data-particle-mobile-disabled=\"false\" class=\"elementor-element elementor-element-a43a658 e-flex e-con-boxed e-con e-child\" data-id=\"a43a658\" data-element_type=\"container\">\n\t\t\t\t\t<div class=\"e-con-inner\">\n\t\t<div data-particle_enable=\"false\" data-particle-mobile-disabled=\"false\" class=\"elementor-element elementor-element-551a1c8 e-flex e-con-boxed e-con e-child\" data-id=\"551a1c8\" data-element_type=\"container\" data-settings=\"{&quot;background_background&quot;:&quot;classic&quot;}\">\n\t\t\t\t\t<div class=\"e-con-inner\">\n\t\t\t\t<div class=\"elementor-element elementor-element-f92eeb9 elementor-view-default elementor-widget elementor-widget-icon\" data-id=\"f92eeb9\" data-element_type=\"widget\" data-widget_type=\"icon.default\">\n\t\t\t\t<div class=\"elementor-widget-container\">\n\t\t\t\t\t<div class=\"elementor-icon-wrapper\">\n\t\t\t<div class=\"elementor-icon\">\n\t\t\t<svg aria-hidden=\"true\" class=\"e-font-icon-svg e-fas-certificate\" viewBox=\"0 0 512 512\" xmlns=\"http:\/\/www.w3.org\/2000\/svg\"><path d=\"M458.622 255.92l45.985-45.005c13.708-12.977 7.316-36.039-10.664-40.339l-62.65-15.99 17.661-62.015c4.991-17.838-11.829-34.663-29.661-29.671l-61.994 17.667-15.984-62.671C337.085.197 313.765-6.276 300.99 7.228L256 53.57 211.011 7.229c-12.63-13.351-36.047-7.234-40.325 10.668l-15.984 62.671-61.995-17.667C74.87 57.907 58.056 74.738 63.046 92.572l17.661 62.015-62.65 15.99C.069 174.878-6.31 197.944 7.392 210.915l45.985 45.005-45.985 45.004c-13.708 12.977-7.316 36.039 10.664 40.339l62.65 15.99-17.661 62.015c-4.991 17.838 11.829 34.663 29.661 29.671l61.994-17.667 15.984 62.671c4.439 18.575 27.696 24.018 40.325 10.668L256 458.61l44.989 46.001c12.5 13.488 35.987 7.486 40.325-10.668l15.984-62.671 61.994 17.667c17.836 4.994 34.651-11.837 29.661-29.671l-17.661-62.015 62.65-15.99c17.987-4.302 24.366-27.367 10.664-40.339l-45.984-45.004z\"><\/path><\/svg>\t\t\t<\/div>\n\t\t<\/div>\n\t\t\t\t<\/div>\n\t\t\t\t<\/div>\n\t\t\t\t<div class=\"elementor-element elementor-element-4beac5f elementor-widget elementor-widget-heading\" data-id=\"4beac5f\" data-element_type=\"widget\" data-widget_type=\"heading.default\">\n\t\t\t\t<div class=\"elementor-widget-container\">\n\t\t\t<h2 class=\"elementor-heading-title elementor-size-default\">Certificado<\/h2>\t\t<\/div>\n\t\t\t\t<\/div>\n\t\t\t\t<div class=\"elementor-element elementor-element-5f80f68 elementor-widget elementor-widget-heading\" data-id=\"5f80f68\" data-element_type=\"widget\" data-widget_type=\"heading.default\">\n\t\t\t\t<div class=\"elementor-widget-container\">\n\t\t\t<h2 class=\"elementor-heading-title elementor-size-default\">4h<\/h2>\t\t<\/div>\n\t\t\t\t<\/div>\n\t\t\t\t\t<\/div>\n\t\t\t\t<\/div>\n\t\t\t\t\t<\/div>\n\t\t\t\t<\/div>\n\t\t<div data-particle_enable=\"false\" data-particle-mobile-disabled=\"false\" class=\"elementor-element elementor-element-3e33939 e-flex e-con-boxed e-con e-child\" data-id=\"3e33939\" data-element_type=\"container\">\n\t\t\t\t\t<div class=\"e-con-inner\">\n\t\t\t\t<div class=\"elementor-element elementor-element-6efd904 elementor-widget elementor-widget-heading\" data-id=\"6efd904\" data-element_type=\"widget\" data-widget_type=\"heading.default\">\n\t\t\t\t<div class=\"elementor-widget-container\">\n\t\t\t<h2 class=\"elementor-heading-title elementor-size-default\">Garanta j\u00e1 sua vaga!<\/h2>\t\t<\/div>\n\t\t\t\t<\/div>\n\t\t\t\t<div class=\"elementor-element elementor-element-8586c97 elementor-widget elementor-widget-heading\" data-id=\"8586c97\" data-element_type=\"widget\" data-widget_type=\"heading.default\">\n\t\t\t\t<div class=\"elementor-widget-container\">\n\t\t\t<h2 class=\"elementor-heading-title elementor-size-default\">A inscri\u00e7\u00e3o \u00e9 independente do evento principal.\n<\/h2>\t\t<\/div>\n\t\t\t\t<\/div>\n\t\t\t\t\t<\/div>\n\t\t\t\t<\/div>\n\t\t\t\t<div class=\"elementor-element elementor-element-a00518f elementor-widget elementor-widget-html\" data-id=\"a00518f\" data-element_type=\"widget\" data-widget_type=\"html.default\">\n\t\t\t\t<div class=\"elementor-widget-container\">\n\t\t\t<script src=\"https:\/\/doity.com.br\/js\/box_inscricao.js\" type=\"text\/javascript\"><\/script> <iframe scrolling=\"0\" id=\"iframe-inscricao\" onload=\"iframeResizer(event)\" style=\"width: 100%;height: 500px;border: none;\" src=\"https:\/\/doity.com.br\/ii-sbhf\/passo1?box=1\"> <\/iframe> <p style=\"text-align:center; color:#666672; font-size:14px; font-family:'Open Sans',Helvetica, Arial, sans-serif; font-weight:bolder;\"> Caso n&atilde;o consiga fazer a inscri&ccedil;&atilde;o <a target=\"_blank\" href=\"https:\/\/doity.com.br\/ii-sbhf\">clique aqui <\/a> <\/p>\t\t<\/div>\n\t\t\t\t<\/div>\n\t\t<div data-particle_enable=\"false\" data-particle-mobile-disabled=\"false\" class=\"elementor-element elementor-element-3ac30f6 e-flex e-con-boxed e-con e-child\" data-id=\"3ac30f6\" data-element_type=\"container\">\n\t\t\t\t\t<div class=\"e-con-inner\">\n\t\t<div data-particle_enable=\"false\" data-particle-mobile-disabled=\"false\" class=\"elementor-element elementor-element-dc7e9aa e-flex e-con-boxed e-con e-child\" data-id=\"dc7e9aa\" data-element_type=\"container\">\n\t\t\t\t\t<div class=\"e-con-inner\">\n\t\t\t\t<div class=\"elementor-element elementor-element-24cbe80 elementor-widget elementor-widget-heading\" data-id=\"24cbe80\" data-element_type=\"widget\" data-widget_type=\"heading.default\">\n\t\t\t\t<div class=\"elementor-widget-container\">\n\t\t\t<h2 class=\"elementor-heading-title elementor-size-default\">Realiza\u00e7\u00e3o<\/h2>\t\t<\/div>\n\t\t\t\t<\/div>\n\t\t\t\t<div class=\"elementor-element elementor-element-f913b71 elementor-widget elementor-widget-image\" data-id=\"f913b71\" data-element_type=\"widget\" data-widget_type=\"image.default\">\n\t\t\t\t<div class=\"elementor-widget-container\">\n\t\t\t<style>\/*! elementor - v3.20.0 - 11-03-2024 *\/\n.elementor-widget-image{text-align:center}.elementor-widget-image a{display:inline-block}.elementor-widget-image a img[src$=\".svg\"]{width:48px}.elementor-widget-image img{vertical-align:middle;display:inline-block}<\/style>\t\t\t\t\t\t\t\t\t\t<img fetchpriority=\"high\" decoding=\"async\" width=\"800\" height=\"528\" src=\"https:\/\/inovatecdf.com.br\/wp-content\/uploads\/2024\/08\/SBHH-DF-e1753958697766-1024x676.png\" class=\"attachment-large size-large wp-image-1950\" alt=\"\" srcset=\"https:\/\/inovatecdf.com.br\/wp-content\/uploads\/2024\/08\/SBHH-DF-e1753958697766-1024x676.png 1024w, https:\/\/inovatecdf.com.br\/wp-content\/uploads\/2024\/08\/SBHH-DF-e1753958697766-300x198.png 300w, https:\/\/inovatecdf.com.br\/wp-content\/uploads\/2024\/08\/SBHH-DF-e1753958697766-768x507.png 768w, https:\/\/inovatecdf.com.br\/wp-content\/uploads\/2024\/08\/SBHH-DF-e1753958697766-1536x1014.png 1536w, https:\/\/inovatecdf.com.br\/wp-content\/uploads\/2024\/08\/SBHH-DF-e1753958697766-2048x1352.png 2048w\" sizes=\"(max-width: 800px) 100vw, 800px\" \/>\t\t\t\t\t\t\t\t\t\t\t\t\t<\/div>\n\t\t\t\t<\/div>\n\t\t\t\t<div class=\"elementor-element elementor-element-cbb3f90 elementor-widget elementor-widget-image\" data-id=\"cbb3f90\" data-element_type=\"widget\" data-widget_type=\"image.default\">\n\t\t\t\t<div class=\"elementor-widget-container\">\n\t\t\t\t\t\t\t\t\t\t\t\t\t<img decoding=\"async\" width=\"800\" height=\"293\" src=\"https:\/\/inovatecdf.com.br\/wp-content\/uploads\/2024\/03\/Logo-PeopleScience-v4-Rodrigo-Accioly-HORIZONTAL-19-06-22-com-efeito-nos-rostos-e1708090447928-1024x375.png\" class=\"attachment-large size-large wp-image-561\" alt=\"\" srcset=\"https:\/\/inovatecdf.com.br\/wp-content\/uploads\/2024\/03\/Logo-PeopleScience-v4-Rodrigo-Accioly-HORIZONTAL-19-06-22-com-efeito-nos-rostos-e1708090447928-1024x375.png 1024w, https:\/\/inovatecdf.com.br\/wp-content\/uploads\/2024\/03\/Logo-PeopleScience-v4-Rodrigo-Accioly-HORIZONTAL-19-06-22-com-efeito-nos-rostos-e1708090447928-300x110.png 300w, https:\/\/inovatecdf.com.br\/wp-content\/uploads\/2024\/03\/Logo-PeopleScience-v4-Rodrigo-Accioly-HORIZONTAL-19-06-22-com-efeito-nos-rostos-e1708090447928-768x281.png 768w, https:\/\/inovatecdf.com.br\/wp-content\/uploads\/2024\/03\/Logo-PeopleScience-v4-Rodrigo-Accioly-HORIZONTAL-19-06-22-com-efeito-nos-rostos-e1708090447928-1536x562.png 1536w, https:\/\/inovatecdf.com.br\/wp-content\/uploads\/2024\/03\/Logo-PeopleScience-v4-Rodrigo-Accioly-HORIZONTAL-19-06-22-com-efeito-nos-rostos-e1708090447928-2048x749.png 2048w\" sizes=\"(max-width: 800px) 100vw, 800px\" \/>\t\t\t\t\t\t\t\t\t\t\t\t\t<\/div>\n\t\t\t\t<\/div>\n\t\t\t\t\t<\/div>\n\t\t\t\t<\/div>\n\t\t<div data-particle_enable=\"false\" data-particle-mobile-disabled=\"false\" class=\"elementor-element elementor-element-caec44f e-flex e-con-boxed e-con e-child\" data-id=\"caec44f\" data-element_type=\"container\">\n\t\t\t\t\t<div class=\"e-con-inner\">\n\t\t\t\t<div class=\"elementor-element elementor-element-c8c7793 elementor-widget elementor-widget-heading\" data-id=\"c8c7793\" data-element_type=\"widget\" data-widget_type=\"heading.default\">\n\t\t\t\t<div class=\"elementor-widget-container\">\n\t\t\t<h2 class=\"elementor-heading-title elementor-size-default\">Apoio<\/h2>\t\t<\/div>\n\t\t\t\t<\/div>\n\t\t\t\t<div class=\"elementor-element elementor-element-fcbc354 elementor-widget elementor-widget-image\" data-id=\"fcbc354\" data-element_type=\"widget\" data-widget_type=\"image.default\">\n\t\t\t\t<div class=\"elementor-widget-container\">\n\t\t\t\t\t\t\t\t\t\t\t\t\t<img decoding=\"async\" width=\"678\" height=\"235\" src=\"https:\/\/inovatecdf.com.br\/wp-content\/uploads\/2024\/03\/inovatec-black.png\" class=\"attachment-large size-large wp-image-715\" alt=\"\" srcset=\"https:\/\/inovatecdf.com.br\/wp-content\/uploads\/2024\/03\/inovatec-black.png 678w, https:\/\/inovatecdf.com.br\/wp-content\/uploads\/2024\/03\/inovatec-black-300x104.png 300w\" sizes=\"(max-width: 678px) 100vw, 678px\" \/>\t\t\t\t\t\t\t\t\t\t\t\t\t<\/div>\n\t\t\t\t<\/div>\n\t\t\t\t\t<\/div>\n\t\t\t\t<\/div>\n\t\t\t\t\t<\/div>\n\t\t\t\t<\/div>\n\t\t\t\t\t<\/div>\n\t\t\t\t<\/div>\n\t\t\t\t\t<\/div>\n\t\t\t\t<\/div>\n\t\t\t\t<\/div>\n\t\t","protected":false},"excerpt":{"rendered":"<p>Home II Simp\u00f3sio Brasileiro de Hotelaria e Facilities II Simp\u00f3sio Brasileiro de Hotelaria e Facilities A Sociedade Brasileira de Hotelaria Hospitalar do DF (SBHH-DF) Tem a honra de promover o II Simp\u00f3sio Brasileiro de Hotelaria e Facilities durante o VI INOVATEC. O objetivo desse evento \u00e9 proporcionar network, troca de experi\u00eancias e discutir sobre assuntos [&hellip;]<\/p>\n","protected":false},"author":1,"featured_media":0,"parent":0,"menu_order":0,"comment_status":"closed","ping_status":"closed","template":"elementor_canvas","meta":{"footnotes":""},"class_list":["post-3171","page","type-page","status-publish","hentry"],"_links":{"self":[{"href":"https:\/\/inovatecdf.com.br\/index.php\/wp-json\/wp\/v2\/pages\/3171","targetHints":{"allow":["GET"]}}],"collection":[{"href":"https:\/\/inovatecdf.com.br\/index.php\/wp-json\/wp\/v2\/pages"}],"about":[{"href":"https:\/\/inovatecdf.com.br\/index.php\/wp-json\/wp\/v2\/types\/page"}],"author":[{"embeddable":true,"href":"https:\/\/inovatecdf.com.br\/index.php\/wp-json\/wp\/v2\/users\/1"}],"replies":[{"embeddable":true,"href":"https:\/\/inovatecdf.com.br\/index.php\/wp-json\/wp\/v2\/comments?post=3171"}],"version-history":[{"count":5,"href":"https:\/\/inovatecdf.com.br\/index.php\/wp-json\/wp\/v2\/pages\/3171\/revisions"}],"predecessor-version":[{"id":3181,"href":"https:\/\/inovatecdf.com.br\/index.php\/wp-json\/wp\/v2\/pages\/3171\/revisions\/3181"}],"wp:attachment":[{"href":"https:\/\/inovatecdf.com.br\/index.php\/wp-json\/wp\/v2\/media?parent=3171"}],"curies":[{"name":"wp","href":"https:\/\/api.w.org\/{rel}","templated":true}]}}