{"id":530,"date":"2024-03-14T04:54:36","date_gmt":"2024-03-14T07:54:36","guid":{"rendered":"https:\/\/inovatecdf.com.br\/?page_id=530"},"modified":"2026-04-10T12:01:10","modified_gmt":"2026-04-10T15:01:10","slug":"incricoes","status":"publish","type":"page","link":"https:\/\/inovatecdf.com.br\/index.php\/incricoes\/","title":{"rendered":"Inscri\u00e7\u00f5es"},"content":{"rendered":"\t\t<div data-elementor-type=\"wp-page\" data-elementor-id=\"530\" class=\"elementor elementor-530\" data-elementor-post-type=\"page\">\n\t\t\t\t<div data-particle_enable=\"false\" data-particle-mobile-disabled=\"false\" class=\"elementor-element elementor-element-17052b7 e-flex e-con-boxed e-con e-parent\" data-id=\"17052b7\" data-element_type=\"container\" data-settings=\"{&quot;background_background&quot;:&quot;classic&quot;}\" data-core-v316-plus=\"true\">\n\t\t\t\t\t<div class=\"e-con-inner\">\n\t\t<div data-particle_enable=\"false\" data-particle-mobile-disabled=\"false\" class=\"elementor-element elementor-element-dc6caa7 e-flex e-con-boxed e-con e-child\" data-id=\"dc6caa7\" data-element_type=\"container\">\n\t\t\t\t\t<div class=\"e-con-inner\">\n\t\t\t\t<div class=\"elementor-element elementor-element-2d4b73c elementor-icon-list--layout-inline elementor-align-center elementor-list-item-link-full_width elementor-widget elementor-widget-icon-list\" data-id=\"2d4b73c\" data-element_type=\"widget\" data-widget_type=\"icon-list.default\">\n\t\t\t\t<div class=\"elementor-widget-container\">\n\t\t\t<link rel=\"stylesheet\" href=\"https:\/\/inovatecdf.com.br\/wp-content\/uploads\/elementor\/css\/custom-widget-icon-list.min.css?ver=1728969711\">\t\t<ul class=\"elementor-icon-list-items elementor-inline-items\">\n\t\t\t\t\t\t\t<li class=\"elementor-icon-list-item elementor-inline-item\">\n\t\t\t\t\t\t\t\t\t\t\t<a href=\"https:\/\/inovatecdf.com.br\">\n\n\t\t\t\t\t\t\t\t\t\t\t<span class=\"elementor-icon-list-text\">Home<\/span>\n\t\t\t\t\t\t\t\t\t\t\t<\/a>\n\t\t\t\t\t\t\t\t\t<\/li>\n\t\t\t\t\t\t\t\t<li class=\"elementor-icon-list-item elementor-inline-item\">\n\t\t\t\t\t\t\t\t\t\t\t<span class=\"elementor-icon-list-icon\">\n\t\t\t\t\t\t\t<svg aria-hidden=\"true\" class=\"e-font-icon-svg e-fas-chevron-right\" viewBox=\"0 0 320 512\" xmlns=\"http:\/\/www.w3.org\/2000\/svg\"><path d=\"M285.476 272.971L91.132 467.314c-9.373 9.373-24.569 9.373-33.941 0l-22.667-22.667c-9.357-9.357-9.375-24.522-.04-33.901L188.505 256 34.484 101.255c-9.335-9.379-9.317-24.544.04-33.901l22.667-22.667c9.373-9.373 24.569-9.373 33.941 0L285.475 239.03c9.373 9.372 9.373 24.568.001 33.941z\"><\/path><\/svg>\t\t\t\t\t\t<\/span>\n\t\t\t\t\t\t\t\t\t\t<span class=\"elementor-icon-list-text\">Inscri\u00e7\u00e3o<\/span>\n\t\t\t\t\t\t\t\t\t<\/li>\n\t\t\t\t\t\t<\/ul>\n\t\t\t\t<\/div>\n\t\t\t\t<\/div>\n\t\t\t\t<div class=\"elementor-element elementor-element-308fd18 elementor-widget elementor-widget-heading\" data-id=\"308fd18\" data-element_type=\"widget\" data-widget_type=\"heading.default\">\n\t\t\t\t<div class=\"elementor-widget-container\">\n\t\t\t<style>\/*! elementor - v3.20.0 - 11-03-2024 *\/\n.elementor-heading-title{padding:0;margin:0;line-height:1}.elementor-widget-heading .elementor-heading-title[class*=elementor-size-]>a{color:inherit;font-size:inherit;line-height:inherit}.elementor-widget-heading .elementor-heading-title.elementor-size-small{font-size:15px}.elementor-widget-heading .elementor-heading-title.elementor-size-medium{font-size:19px}.elementor-widget-heading .elementor-heading-title.elementor-size-large{font-size:29px}.elementor-widget-heading .elementor-heading-title.elementor-size-xl{font-size:39px}.elementor-widget-heading .elementor-heading-title.elementor-size-xxl{font-size:59px}<\/style><h2 class=\"elementor-heading-title elementor-size-default\">Inscri\u00e7\u00e3o<\/h2>\t\t<\/div>\n\t\t\t\t<\/div>\n\t\t\t\t\t<\/div>\n\t\t\t\t<\/div>\n\t\t\t\t\t<\/div>\n\t\t\t\t<\/div>\n\t\t<div data-particle_enable=\"false\" data-particle-mobile-disabled=\"false\" class=\"elementor-element elementor-element-efa6cd7 e-flex e-con-boxed e-con e-parent\" data-id=\"efa6cd7\" data-element_type=\"container\" data-settings=\"{&quot;background_background&quot;:&quot;gradient&quot;}\" data-core-v316-plus=\"true\">\n\t\t\t\t\t<div class=\"e-con-inner\">\n\t\t\t\t<div class=\"elementor-element elementor-element-aba6139 elementor-widget elementor-widget-template\" data-id=\"aba6139\" data-element_type=\"widget\" data-widget_type=\"template.default\">\n\t\t\t\t<div class=\"elementor-widget-container\">\n\t\t\t\t\t<div class=\"elementor-template\">\n\t\t\t\t\t<div data-elementor-type=\"section\" data-elementor-id=\"536\" class=\"elementor elementor-536\" data-elementor-post-type=\"elementor_library\">\n\t\t\t\t\t<div class=\"elementor-section-wrap\">\n\t\t\t\t\t\t<div data-particle_enable=\"false\" data-particle-mobile-disabled=\"false\" class=\"elementor-element elementor-element-1286f40 e-flex e-con-boxed e-con e-parent\" data-id=\"1286f40\" data-element_type=\"container\" data-core-v316-plus=\"true\">\n\t\t\t\t\t<div class=\"e-con-inner\">\n\t\t<div data-particle_enable=\"false\" data-particle-mobile-disabled=\"false\" class=\"elementor-element elementor-element-f8c6c12 e-flex e-con-boxed e-con e-child\" data-id=\"f8c6c12\" data-element_type=\"container\" data-settings=\"{&quot;background_background&quot;:&quot;classic&quot;}\">\n\t\t\t\t\t<div class=\"e-con-inner\">\n\t\t<div data-particle_enable=\"false\" data-particle-mobile-disabled=\"false\" class=\"elementor-element elementor-element-e5ae191 e-flex e-con-boxed e-con e-child\" data-id=\"e5ae191\" data-element_type=\"container\">\n\t\t\t\t\t<div class=\"e-con-inner\">\n\t\t\t\t<div class=\"elementor-element elementor-element-f71fe9c elementor-view-default elementor-widget elementor-widget-icon\" data-id=\"f71fe9c\" data-element_type=\"widget\" data-widget_type=\"icon.default\">\n\t\t\t\t<div class=\"elementor-widget-container\">\n\t\t\t\t\t<div class=\"elementor-icon-wrapper\">\n\t\t\t<div class=\"elementor-icon\">\n\t\t\t<svg aria-hidden=\"true\" class=\"e-font-icon-svg e-fas-user\" viewBox=\"0 0 448 512\" xmlns=\"http:\/\/www.w3.org\/2000\/svg\"><path d=\"M224 256c70.7 0 128-57.3 128-128S294.7 0 224 0 96 57.3 96 128s57.3 128 128 128zm89.6 32h-16.7c-22.2 10.2-46.9 16-72.9 16s-50.6-5.8-72.9-16h-16.7C60.2 288 0 348.2 0 422.4V464c0 26.5 21.5 48 48 48h352c26.5 0 48-21.5 48-48v-41.6c0-74.2-60.2-134.4-134.4-134.4z\"><\/path><\/svg>\t\t\t<\/div>\n\t\t<\/div>\n\t\t\t\t<\/div>\n\t\t\t\t<\/div>\n\t\t\t\t\t<\/div>\n\t\t\t\t<\/div>\n\t\t\t\t<div class=\"elementor-element elementor-element-d261b72 elementor-widget elementor-widget-text-editor\" data-id=\"d261b72\" data-element_type=\"widget\" data-widget_type=\"text-editor.default\">\n\t\t\t\t<div class=\"elementor-widget-container\">\n\t\t\t<style>\/*! elementor - v3.20.0 - 11-03-2024 *\/\n.elementor-widget-text-editor.elementor-drop-cap-view-stacked .elementor-drop-cap{background-color:#69727d;color:#fff}.elementor-widget-text-editor.elementor-drop-cap-view-framed .elementor-drop-cap{color:#69727d;border:3px solid;background-color:transparent}.elementor-widget-text-editor:not(.elementor-drop-cap-view-default) .elementor-drop-cap{margin-top:8px}.elementor-widget-text-editor:not(.elementor-drop-cap-view-default) .elementor-drop-cap-letter{width:1em;height:1em}.elementor-widget-text-editor .elementor-drop-cap{float:left;text-align:center;line-height:1;font-size:50px}.elementor-widget-text-editor .elementor-drop-cap-letter{display:inline-block}<\/style>\t\t\t\t<p><span style=\"font-weight: 400;\">A inscri\u00e7\u00e3o paga no INOVATEC garante acesso completo \u00e0 programa\u00e7\u00e3o cient\u00edfica e aos espa\u00e7os do evento, incluindo: certificado de participa\u00e7\u00e3o, submiss\u00e3o e apresenta\u00e7\u00e3o de trabalhos, elegibilidade para premia\u00e7\u00e3o, publica\u00e7\u00e3o em anais, coffee break e kit do inscrito.<\/span><\/p><p><span style=\"font-weight: 400;\">A inscri\u00e7\u00e3o gratuita na FEIRA permite acesso aos espa\u00e7os e atividades para visita\u00e7\u00e3o, sem direito a certificados, submiss\u00e3o de trabalhos, publica\u00e7\u00e3o em anais, coffee break ou kit do inscrito.<\/span><\/p><p><span style=\"font-weight: 400;\">Importante: as inscri\u00e7\u00f5es para atividades espec\u00edficas dentro do INOVATEC \u2014 como minicursos, feiras, simp\u00f3sios e eventos sat\u00e9lites \u2014 s\u00e3o independentes e devem ser realizadas separadamente, quando aplic\u00e1vel.<\/span><\/p>\t\t\t\t\t\t<\/div>\n\t\t\t\t<\/div>\n\t\t\t\t<div class=\"elementor-element elementor-element-bd3b067 elementor-widget elementor-widget-html\" data-id=\"bd3b067\" data-element_type=\"widget\" data-widget_type=\"html.default\">\n\t\t\t\t<div class=\"elementor-widget-container\">\n\t\t\t<script src=\"https:\/\/doity.com.br\/js\/box_inscricao.js\" type=\"text\/javascript\"><\/script> <iframe scrolling=\"0\" id=\"iframe-inscricao\" onload=\"iframeResizer(event)\" style=\"width: 100%;height: 500px;border: none;\" src=\"https:\/\/doity.com.br\/vii-inovatecdf\/passo1?box=1\"> <\/iframe> <p style=\"text-align:center; color:#666672; font-size:14px; font-family:'Open Sans',Helvetica, Arial, sans-serif; font-weight:bolder;\"> Caso n&atilde;o consiga fazer a inscri&ccedil;&atilde;o <a target=\"_blank\" href=\"https:\/\/doity.com.br\/vii-inovatecdf\">clique aqui <\/a> <\/p>\t\t<\/div>\n\t\t\t\t<\/div>\n\t\t\t\t\t<\/div>\n\t\t\t\t<\/div>\n\t\t\t\t\t<\/div>\n\t\t\t\t<\/div>\n\t\t\t\t\t\t\t<\/div>\n\t\t\t\t<\/div>\n\t\t\t\t<\/div>\n\t\t\t\t<\/div>\n\t\t\t\t<\/div>\n\t\t<div data-particle_enable=\"false\" data-particle-mobile-disabled=\"false\" class=\"elementor-element elementor-element-bfc5a49 e-flex e-con-boxed e-con e-child\" data-id=\"bfc5a49\" data-element_type=\"container\" data-settings=\"{&quot;background_background&quot;:&quot;classic&quot;}\">\n\t\t\t\t\t<div class=\"e-con-inner\">\n\t\t\t\t<div class=\"elementor-element elementor-element-8e272c9 elementor-widget elementor-widget-heading\" data-id=\"8e272c9\" data-element_type=\"widget\" data-widget_type=\"heading.default\">\n\t\t\t\t<div class=\"elementor-widget-container\">\n\t\t\t<h2 class=\"elementor-heading-title elementor-size-default\">Pol\u00edtica de reembolso<\/h2>\t\t<\/div>\n\t\t\t\t<\/div>\n\t\t\t\t<div class=\"elementor-element elementor-element-9c991da elementor-widget elementor-widget-n-accordion\" data-id=\"9c991da\" data-element_type=\"widget\" data-settings=\"{&quot;default_state&quot;:&quot;expanded&quot;,&quot;max_items_expended&quot;:&quot;one&quot;,&quot;n_accordion_animation_duration&quot;:{&quot;unit&quot;:&quot;ms&quot;,&quot;size&quot;:400,&quot;sizes&quot;:[]}}\" data-widget_type=\"nested-accordion.default\">\n\t\t\t\t<div class=\"elementor-widget-container\">\n\t\t\t\t\t<div class=\"e-n-accordion\" aria-label=\"Accordion. Open links with Enter or Space, close with Escape, and navigate with Arrow Keys\">\n\t\t\t\t\t\t<details id=\"e-n-accordion-item-1640\" class=\"e-n-accordion-item\" open>\n\t\t\t\t<summary class=\"e-n-accordion-item-title\" data-accordion-index=\"1\" tabindex=\"0\" aria-expanded=\"true\" aria-controls=\"e-n-accordion-item-1640\" >\n\t\t\t\t\t<span class='e-n-accordion-item-title-header'><div class=\"e-n-accordion-item-title-text\"> Quais condi\u00e7\u00f5es para solicitar o reembolso? <\/div><\/span>\n\t\t\t\t\t\t\t<span class='e-n-accordion-item-title-icon'>\n\t\t\t<span class='e-opened' ><svg aria-hidden=\"true\" class=\"e-font-icon-svg e-fas-minus\" viewBox=\"0 0 448 512\" xmlns=\"http:\/\/www.w3.org\/2000\/svg\"><path d=\"M416 208H32c-17.67 0-32 14.33-32 32v32c0 17.67 14.33 32 32 32h384c17.67 0 32-14.33 32-32v-32c0-17.67-14.33-32-32-32z\"><\/path><\/svg><\/span>\n\t\t\t<span class='e-closed'><svg aria-hidden=\"true\" class=\"e-font-icon-svg e-fas-plus\" viewBox=\"0 0 448 512\" xmlns=\"http:\/\/www.w3.org\/2000\/svg\"><path d=\"M416 208H272V64c0-17.67-14.33-32-32-32h-32c-17.67 0-32 14.33-32 32v144H32c-17.67 0-32 14.33-32 32v32c0 17.67 14.33 32 32 32h144v144c0 17.67 14.33 32 32 32h32c17.67 0 32-14.33 32-32V304h144c17.67 0 32-14.33 32-32v-32c0-17.67-14.33-32-32-32z\"><\/path><\/svg><\/span>\n\t\t<\/span>\n\n\t\t\t\t\t\t<\/summary>\n\t\t\t\t<div data-particle_enable=\"false\" data-particle-mobile-disabled=\"false\" role=\"region\" aria-labelledby=\"e-n-accordion-item-1640\" class=\"elementor-element elementor-element-9f9537b e-con-full e-flex e-con e-child\" data-id=\"9f9537b\" data-element_type=\"container\">\n\t\t\t\t<div class=\"elementor-element elementor-element-d732dc8 elementor-widget elementor-widget-text-editor\" data-id=\"d732dc8\" data-element_type=\"widget\" data-widget_type=\"text-editor.default\">\n\t\t\t\t<div class=\"elementor-widget-container\">\n\t\t\t\t\t\t\t<p><span style=\"font-weight: 400;\">A inscri\u00e7\u00e3o no congresso INOVATEC confere acesso \u00e0s atividades cient\u00edficas e \u00e0 programa\u00e7\u00e3o geral do evento, conforme a categoria adquirida.<\/span><\/p><ol><li><span style=\"font-weight: 400;\"> Direito de arrependimento (Art. 49 do C\u00f3digo de Defesa do Consumidor)<\/span><\/li><\/ol><p><span style=\"font-weight: 400;\">O participante poder\u00e1 solicitar reembolso integral (100%) no prazo de at\u00e9 7 dias corridos ap\u00f3s a compra online, desde que a solicita\u00e7\u00e3o ocorra antes do in\u00edcio do evento.<\/span><\/p><p>\u00a0<\/p><ol start=\"2\"><li><span style=\"font-weight: 400;\"> Cancelamento ap\u00f3s 7 dias da compra<\/span><\/li><\/ol><ul><li style=\"font-weight: 400;\" aria-level=\"1\"><span style=\"font-weight: 400;\">At\u00e9 30 dias antes do in\u00edcio do evento: reembolso de 80% do valor pago.<\/span><\/li><li style=\"font-weight: 400;\" aria-level=\"1\"><span style=\"font-weight: 400;\">De 29 a 7 dias antes do evento: reembolso de 50%.<\/span><\/li><li style=\"font-weight: 400;\" aria-level=\"1\"><span style=\"font-weight: 400;\">Menos de 7 dias antes do in\u00edcio: n\u00e3o haver\u00e1 reembolso.<\/span><\/li><\/ul><p>\u00a0<\/p><ol start=\"3\"><li><span style=\"font-weight: 400;\"> N\u00e3o s\u00e3o reembols\u00e1veis valores de inscri\u00e7\u00f5es pagas nas seguintes condi\u00e7\u00f5es:<\/span><\/li><\/ol><ul><li style=\"font-weight: 400;\" aria-level=\"1\"><span style=\"font-weight: 400;\">A aus\u00eancia no evento n\u00e3o gera direito a reembolso.<\/span><\/li><li style=\"font-weight: 400;\" aria-level=\"1\"><span style=\"font-weight: 400;\">Dificuldade ou impossibilidade de comparecimento ao evento (presencial ou virtual) por erros no preenchimento das informa\u00e7\u00f5es cadastrais.<\/span><\/li><li style=\"font-weight: 400;\" aria-level=\"1\"><span style=\"font-weight: 400;\">Para substitui\u00e7\u00e3o de cortesia ou desconto recebido ap\u00f3s quita\u00e7\u00e3o da inscri\u00e7\u00e3o.<\/span><\/li><\/ul><p><br \/><br \/><\/p><ol start=\"4\"><li><span style=\"font-weight: 400;\"> Transfer\u00eancia de titularidade<\/span><\/li><\/ol><p><span style=\"font-weight: 400;\">Ser\u00e1 permitida a substitui\u00e7\u00e3o do participante at\u00e9 72 horas antes do in\u00edcio do evento, atrav\u00e9s da \u00e1rea do participante no Doity ou mediante solicita\u00e7\u00e3o formal por e-mail (<\/span><a href=\"mailto:inovatec@peoplesciencebr.com\"><span style=\"font-weight: 400;\">inovatec@peoplesciencebr.com<\/span><\/a><span style=\"font-weight: 400;\">).<\/span><\/p>\t\t\t\t\t\t<\/div>\n\t\t\t\t<\/div>\n\t\t\t\t<\/div>\n\t\t\t\t\t<\/details>\n\t\t\t\t\t\t<details id=\"e-n-accordion-item-1641\" class=\"e-n-accordion-item\" >\n\t\t\t\t<summary class=\"e-n-accordion-item-title\" data-accordion-index=\"2\" tabindex=\"-1\" aria-expanded=\"false\" aria-controls=\"e-n-accordion-item-1641\" >\n\t\t\t\t\t<span class='e-n-accordion-item-title-header'><div class=\"e-n-accordion-item-title-text\"> Como eu fa\u00e7o o reembolso? <\/div><\/span>\n\t\t\t\t\t\t\t<span class='e-n-accordion-item-title-icon'>\n\t\t\t<span class='e-opened' ><svg aria-hidden=\"true\" class=\"e-font-icon-svg e-fas-minus\" viewBox=\"0 0 448 512\" xmlns=\"http:\/\/www.w3.org\/2000\/svg\"><path d=\"M416 208H32c-17.67 0-32 14.33-32 32v32c0 17.67 14.33 32 32 32h384c17.67 0 32-14.33 32-32v-32c0-17.67-14.33-32-32-32z\"><\/path><\/svg><\/span>\n\t\t\t<span class='e-closed'><svg aria-hidden=\"true\" class=\"e-font-icon-svg e-fas-plus\" viewBox=\"0 0 448 512\" xmlns=\"http:\/\/www.w3.org\/2000\/svg\"><path d=\"M416 208H272V64c0-17.67-14.33-32-32-32h-32c-17.67 0-32 14.33-32 32v144H32c-17.67 0-32 14.33-32 32v32c0 17.67 14.33 32 32 32h144v144c0 17.67 14.33 32 32 32h32c17.67 0 32-14.33 32-32V304h144c17.67 0 32-14.33 32-32v-32c0-17.67-14.33-32-32-32z\"><\/path><\/svg><\/span>\n\t\t<\/span>\n\n\t\t\t\t\t\t<\/summary>\n\t\t\t\t<div data-particle_enable=\"false\" data-particle-mobile-disabled=\"false\" role=\"region\" aria-labelledby=\"e-n-accordion-item-1641\" class=\"elementor-element elementor-element-e9a35d9 e-con-full e-flex e-con e-child\" data-id=\"e9a35d9\" data-element_type=\"container\">\n\t\t\t\t<div class=\"elementor-element elementor-element-fcec235 elementor-widget elementor-widget-text-editor\" data-id=\"fcec235\" data-element_type=\"widget\" data-widget_type=\"text-editor.default\">\n\t\t\t\t<div class=\"elementor-widget-container\">\n\t\t\t\t\t\t\t<p>\u00a0<\/p><p><span style=\"font-weight: 400;\">Formalizar solicita\u00e7\u00e3o de reembolso atrav\u00e9s do e-mail <\/span><a href=\"mailto:inovatec@peoplesciencebr.com\"><span style=\"font-weight: 400;\">inovatec@peoplesciencebr.com<\/span><\/a><span style=\"font-weight: 400;\">\u00a0 informando:<\/span><\/p><ul><li style=\"font-weight: 400;\" aria-level=\"1\"><span style=\"font-weight: 400;\">Nome completo do inscrito<\/span><\/li><li style=\"font-weight: 400;\" aria-level=\"1\"><span style=\"font-weight: 400;\">CPF<\/span><\/li><li style=\"font-weight: 400;\" aria-level=\"1\"><span style=\"font-weight: 400;\">Nome do minicurso<\/span><\/li><\/ul><p><span style=\"font-weight: 400;\">Os reembolsos ser\u00e3o realizados sem juros e sem corre\u00e7\u00e3o monet\u00e1ria no prazo de at\u00e9 30 dias ap\u00f3s data de solicita\u00e7\u00e3o.<\/span><\/p><p>\u00a0<\/p>\t\t\t\t\t\t<\/div>\n\t\t\t\t<\/div>\n\t\t\t\t<\/div>\n\t\t\t\t\t<\/details>\n\t\t\t\t\t<\/div>\n\t\t\t\t<\/div>\n\t\t\t\t<\/div>\n\t\t\t\t\t<\/div>\n\t\t\t\t<\/div>\n\t\t\t\t\t<\/div>\n\t\t\t\t<\/div>\n\t\t\t\t<\/div>\n\t\t","protected":false},"excerpt":{"rendered":"<p>Home Inscri\u00e7\u00e3o Inscri\u00e7\u00e3o Pol\u00edtica de reembolso Quais condi\u00e7\u00f5es para solicitar o reembolso? A inscri\u00e7\u00e3o no congresso INOVATEC confere acesso \u00e0s atividades cient\u00edficas e \u00e0 programa\u00e7\u00e3o geral do evento, conforme a categoria adquirida. Direito de arrependimento (Art. 49 do C\u00f3digo de Defesa do Consumidor) O participante poder\u00e1 solicitar reembolso integral (100%) no prazo de at\u00e9 7 [&hellip;]<\/p>\n","protected":false},"author":1,"featured_media":0,"parent":0,"menu_order":0,"comment_status":"closed","ping_status":"closed","template":"elementor_canvas","meta":{"footnotes":""},"class_list":["post-530","page","type-page","status-publish","hentry"],"_links":{"self":[{"href":"https:\/\/inovatecdf.com.br\/index.php\/wp-json\/wp\/v2\/pages\/530","targetHints":{"allow":["GET"]}}],"collection":[{"href":"https:\/\/inovatecdf.com.br\/index.php\/wp-json\/wp\/v2\/pages"}],"about":[{"href":"https:\/\/inovatecdf.com.br\/index.php\/wp-json\/wp\/v2\/types\/page"}],"author":[{"embeddable":true,"href":"https:\/\/inovatecdf.com.br\/index.php\/wp-json\/wp\/v2\/users\/1"}],"replies":[{"embeddable":true,"href":"https:\/\/inovatecdf.com.br\/index.php\/wp-json\/wp\/v2\/comments?post=530"}],"version-history":[{"count":32,"href":"https:\/\/inovatecdf.com.br\/index.php\/wp-json\/wp\/v2\/pages\/530\/revisions"}],"predecessor-version":[{"id":3706,"href":"https:\/\/inovatecdf.com.br\/index.php\/wp-json\/wp\/v2\/pages\/530\/revisions\/3706"}],"wp:attachment":[{"href":"https:\/\/inovatecdf.com.br\/index.php\/wp-json\/wp\/v2\/media?parent=530"}],"curies":[{"name":"wp","href":"https:\/\/api.w.org\/{rel}","templated":true}]}}